{"id":140,"date":"2021-12-23T12:14:58","date_gmt":"2021-12-23T12:14:58","guid":{"rendered":"https:\/\/demosites.royal-elementor-addons.com\/nature-v1\/?page_id=140"},"modified":"2024-05-30T09:30:04","modified_gmt":"2024-05-30T09:30:04","slug":"top-morocco-tours","status":"publish","type":"page","link":"https:\/\/topmoroccotour.com\/it\/top-morocco-tours\/","title":{"rendered":"Chi siamo"},"content":{"rendered":"\t\t<div data-elementor-type=\"wp-page\" data-elementor-id=\"140\" class=\"elementor elementor-140\">\n\t\t\t\t\t\t<section class=\"elementor-section elementor-top-section elementor-element elementor-element-a60c1ce elementor-section-boxed elementor-section-height-default elementor-section-height-default wpr-particle-no wpr-jarallax-no wpr-parallax-no wpr-sticky-section-no wpr-equal-height-no\" data-id=\"a60c1ce\" data-element_type=\"section\" data-e-type=\"section\" data-settings=\"{&quot;background_background&quot;:&quot;classic&quot;}\">\n\t\t\t\t\t\t\t<div class=\"elementor-background-overlay\"><\/div>\n\t\t\t\t\t\t\t<div class=\"elementor-container elementor-column-gap-default\">\n\t\t\t\t\t<div class=\"elementor-column elementor-col-100 elementor-top-column elementor-element elementor-element-c0a5566\" data-id=\"c0a5566\" data-element_type=\"column\" data-e-type=\"column\">\n\t\t\t<div class=\"elementor-widget-wrap elementor-element-populated\">\n\t\t\t\t\t\t<div class=\"elementor-element elementor-element-d29922a elementor-widget elementor-widget-heading\" data-id=\"d29922a\" data-element_type=\"widget\" data-e-type=\"widget\" data-widget_type=\"heading.default\">\n\t\t\t\t<div class=\"elementor-widget-container\">\n\t\t\t\t\t<h2 class=\"elementor-heading-title elementor-size-default\">Chi siamo<\/h2>\t\t\t\t<\/div>\n\t\t\t\t<\/div>\n\t\t\t\t\t<\/div>\n\t\t<\/div>\n\t\t\t\t\t<\/div>\n\t\t<\/section>\n\t\t\t\t<section class=\"elementor-section elementor-top-section elementor-element elementor-element-dccb43f elementor-section-boxed elementor-section-height-default elementor-section-height-default wpr-particle-no wpr-jarallax-no wpr-parallax-no wpr-sticky-section-no wpr-equal-height-no\" data-id=\"dccb43f\" data-element_type=\"section\" data-e-type=\"section\">\n\t\t\t\t\t\t<div class=\"elementor-container elementor-column-gap-default\">\n\t\t\t\t\t<div class=\"elementor-column elementor-col-50 elementor-top-column elementor-element elementor-element-1a9ef53\" data-id=\"1a9ef53\" data-element_type=\"column\" data-e-type=\"column\">\n\t\t\t<div class=\"elementor-widget-wrap elementor-element-populated\">\n\t\t\t\t\t\t<div class=\"elementor-element elementor-element-2a0e0fd elementor-widget elementor-widget-heading\" data-id=\"2a0e0fd\" data-element_type=\"widget\" data-e-type=\"widget\" data-widget_type=\"heading.default\">\n\t\t\t\t<div class=\"elementor-widget-container\">\n\t\t\t\t\t<h2 class=\"elementor-heading-title elementor-size-default\">Top Marocco Tour<\/h2>\t\t\t\t<\/div>\n\t\t\t\t<\/div>\n\t\t\t\t<div class=\"elementor-element elementor-element-d72907c elementor-widget-divider--view-line elementor-widget elementor-widget-divider\" data-id=\"d72907c\" data-element_type=\"widget\" data-e-type=\"widget\" data-widget_type=\"divider.default\">\n\t\t\t\t<div class=\"elementor-widget-container\">\n\t\t\t\t\t\t\t<div class=\"elementor-divider\">\n\t\t\t<span class=\"elementor-divider-separator\">\n\t\t\t\t\t\t<\/span>\n\t\t<\/div>\n\t\t\t\t\t\t<\/div>\n\t\t\t\t<\/div>\n\t\t\t\t<div class=\"elementor-element elementor-element-410b057 elementor-widget__width-initial elementor-widget elementor-widget-text-editor\" data-id=\"410b057\" data-element_type=\"widget\" data-e-type=\"widget\" data-widget_type=\"text-editor.default\">\n\t\t\t\t<div class=\"elementor-widget-container\">\n\t\t\t\t\t\t\t\t\t<p>Una compagnia di viaggi chiamata Top Marocco Tours \u00e8 specializzata nella pianificazione di viaggi unici e personalizzati in Marocco. Essi includono esperienze di viaggio private, di gruppo, nel deserto, avventurose, culturali e di lusso. Queste sono solo alcune delle molte offerte di pacchetti vacanza che l&#8217;agenzia propone.<\/p><p>Top Marocco Tour \u00e8 rinomata per la sua attenzione ai dettagli e all&#8217;attenzione individualizzata. E per la sua dedizione nel garantire che i visitatori abbiano un&#8217;esperienza straordinaria in Marocco. Un gruppo di professionisti del settore turistico presso l&#8217;agenzia \u00e8 appassionato nel mostrare ai potenziali turisti provenienti da tutto il mondo il meglio del Marocco.<\/p><p>Top Marocco Tours pu\u00f2 progettare un viaggio che si adatti alle tue preferenze. Pertanto, offre tutto ci\u00f2 che desideri vedere nelle vivaci citt\u00e0 di Marrakech e Casablanca. Inoltre, potrai fare un<a href=\"https:\/\/topmoroccotour.com\/it\/\"> viaggio<\/a> in cammello attraverso il <a href=\"https:\/\/it.wikipedia.org\/wiki\/Deserto\">deserto<\/a> del Sahara, o scoprire la ricca storia culturale delle citt\u00e0 storiche del Marocco.<\/p><p>L&#8217;agenzia collabora con una rete di partner e fornitori fidati in tutto il Marocco. Facciamo del nostro meglio per garantire che tutti gli aspetti del tuo viaggio, dal trasporto e alloggio alle escursioni e attivit\u00e0, siano della massima qualit\u00e0. Con Top Marocco Tours, puoi essere certo di un&#8217;esperienza di viaggio fluida e senza stress. Ti permetter\u00e0 di immergerti completamente nella bellezza e nella cultura di questo incantevole paese.<\/p>\t\t\t\t\t\t\t\t<\/div>\n\t\t\t\t<\/div>\n\t\t\t\t\t<\/div>\n\t\t<\/div>\n\t\t\t\t<div class=\"elementor-column elementor-col-50 elementor-top-column elementor-element elementor-element-a6cc5ec\" data-id=\"a6cc5ec\" data-element_type=\"column\" data-e-type=\"column\">\n\t\t\t<div class=\"elementor-widget-wrap elementor-element-populated\">\n\t\t\t\t\t\t<div class=\"elementor-element elementor-element-33c217b elementor-widget elementor-widget-image\" data-id=\"33c217b\" data-element_type=\"widget\" data-e-type=\"widget\" data-widget_type=\"image.default\">\n\t\t\t\t<div class=\"elementor-widget-container\">\n\t\t\t\t\t\t\t\t\t\t\t\t\t\t\t<img fetchpriority=\"high\" decoding=\"async\" width=\"960\" height=\"504\" src=\"https:\/\/topmoroccotour.com\/it\/wp-content\/uploads\/2023\/07\/resize-16792191242006981227brother-1024x538.jpg\" class=\"attachment-large size-large wp-image-1405\" alt=\"Top Marocco Tours\" srcset=\"https:\/\/topmoroccotour.com\/it\/wp-content\/uploads\/2023\/07\/resize-16792191242006981227brother-1024x538.jpg 1024w, https:\/\/topmoroccotour.com\/it\/wp-content\/uploads\/2023\/07\/resize-16792191242006981227brother-300x158.jpg 300w, https:\/\/topmoroccotour.com\/it\/wp-content\/uploads\/2023\/07\/resize-16792191242006981227brother-768x403.jpg 768w, https:\/\/topmoroccotour.com\/it\/wp-content\/uploads\/2023\/07\/resize-16792191242006981227brother.jpg 1200w\" sizes=\"(max-width: 960px) 100vw, 960px\" \/>\t\t\t\t\t\t\t\t\t\t\t\t\t\t\t<\/div>\n\t\t\t\t<\/div>\n\t\t\t\t<div class=\"elementor-element elementor-element-1998c46 elementor-widget elementor-widget-image\" data-id=\"1998c46\" data-element_type=\"widget\" data-e-type=\"widget\" data-widget_type=\"image.default\">\n\t\t\t\t<div class=\"elementor-widget-container\">\n\t\t\t\t\t\t\t\t\t\t\t\t\t\t\t<img decoding=\"async\" width=\"960\" height=\"504\" src=\"https:\/\/topmoroccotour.com\/it\/wp-content\/uploads\/2023\/07\/resize-16773176681019854979merzouga04-1-1024x538.jpg\" class=\"attachment-large size-large wp-image-1406\" alt=\"Top Morocco Tours\" srcset=\"https:\/\/topmoroccotour.com\/it\/wp-content\/uploads\/2023\/07\/resize-16773176681019854979merzouga04-1-1024x538.jpg 1024w, https:\/\/topmoroccotour.com\/it\/wp-content\/uploads\/2023\/07\/resize-16773176681019854979merzouga04-1-300x158.jpg 300w, https:\/\/topmoroccotour.com\/it\/wp-content\/uploads\/2023\/07\/resize-16773176681019854979merzouga04-1-768x403.jpg 768w, https:\/\/topmoroccotour.com\/it\/wp-content\/uploads\/2023\/07\/resize-16773176681019854979merzouga04-1.jpg 1200w\" sizes=\"(max-width: 960px) 100vw, 960px\" \/>\t\t\t\t\t\t\t\t\t\t\t\t\t\t\t<\/div>\n\t\t\t\t<\/div>\n\t\t\t\t\t<\/div>\n\t\t<\/div>\n\t\t\t\t\t<\/div>\n\t\t<\/section>\n\t\t\t\t<section class=\"elementor-section elementor-top-section elementor-element elementor-element-cec6dda elementor-section-boxed elementor-section-height-default elementor-section-height-default wpr-particle-no wpr-jarallax-no wpr-parallax-no wpr-sticky-section-no wpr-equal-height-no\" data-id=\"cec6dda\" data-element_type=\"section\" data-e-type=\"section\">\n\t\t\t\t\t\t<div class=\"elementor-container elementor-column-gap-wide\">\n\t\t\t\t\t<div class=\"elementor-column elementor-col-50 elementor-top-column elementor-element elementor-element-97ba466\" data-id=\"97ba466\" data-element_type=\"column\" data-e-type=\"column\">\n\t\t\t<div class=\"elementor-widget-wrap elementor-element-populated\">\n\t\t\t\t\t\t<div class=\"elementor-element elementor-element-28a8953 wpr-promo-box-style-cover elementor-widget elementor-widget-wpr-promo-box\" data-id=\"28a8953\" data-element_type=\"widget\" data-e-type=\"widget\" data-widget_type=\"wpr-promo-box.default\">\n\t\t\t\t<div class=\"elementor-widget-container\">\n\t\t\t\t\t\n\t\t<div class=\"wpr-promo-box wpr-animation-wrap\">\n\n\t\t\t\t\t\t\t\n\t\t\t\t\t\t\t<div class=\"wpr-promo-box-image\">\n\t\t\t\t\t<div class=\"wpr-promo-box-bg-image wpr-bg-anim-zoom-in wpr-anim-timing-ease-default\" style=\"background-image:url(https:\/\/topmoroccotour.com\/it\/wp-content\/uploads\/2023\/07\/resize-16674784701696221123cameltrekking2022.jpg);\"><\/div>\n\t\t\t\t\t<div class=\"wpr-promo-box-bg-overlay wpr-border-anim-oscar\"><\/div>\n\t\t\t\t<\/div>\n\t\t\t\t\t\t\n\t\t\t<div class=\"wpr-promo-box-content\">\n\n\t\t\t\t\t\t\t\t<div class=\"wpr-promo-box-icon\">\n\t\t\t\t\t\t\t\t\t<\/div>\n\t\t\t\t\n\t\t\t\t\n\t\t\t\t\n\t\t\t\t\t\t\t<\/div>\n\n\t\t\t\t\t<\/div>\n\n\t\t\t\t\t\t<\/div>\n\t\t\t\t<\/div>\n\t\t\t\t\t<\/div>\n\t\t<\/div>\n\t\t\t\t<div class=\"elementor-column elementor-col-50 elementor-top-column elementor-element elementor-element-faae8ab\" data-id=\"faae8ab\" data-element_type=\"column\" data-e-type=\"column\">\n\t\t\t<div class=\"elementor-widget-wrap elementor-element-populated\">\n\t\t\t\t\t\t<div class=\"elementor-element elementor-element-fc8570a elementor-widget elementor-widget-heading\" data-id=\"fc8570a\" data-element_type=\"widget\" data-e-type=\"widget\" data-widget_type=\"heading.default\">\n\t\t\t\t<div class=\"elementor-widget-container\">\n\t\t\t\t\t<h2 class=\"elementor-heading-title elementor-size-default\">LA NOSTRA MISSIONE<\/h2>\t\t\t\t<\/div>\n\t\t\t\t<\/div>\n\t\t\t\t<div class=\"elementor-element elementor-element-aac4d46 elementor-widget-divider--view-line elementor-widget elementor-widget-divider\" data-id=\"aac4d46\" data-element_type=\"widget\" data-e-type=\"widget\" data-widget_type=\"divider.default\">\n\t\t\t\t<div class=\"elementor-widget-container\">\n\t\t\t\t\t\t\t<div class=\"elementor-divider\">\n\t\t\t<span class=\"elementor-divider-separator\">\n\t\t\t\t\t\t<\/span>\n\t\t<\/div>\n\t\t\t\t\t\t<\/div>\n\t\t\t\t<\/div>\n\t\t\t\t<div class=\"elementor-element elementor-element-4d73360 elementor-icon-list--layout-traditional elementor-list-item-link-full_width elementor-widget elementor-widget-icon-list\" data-id=\"4d73360\" data-element_type=\"widget\" data-e-type=\"widget\" data-widget_type=\"icon-list.default\">\n\t\t\t\t<div class=\"elementor-widget-container\">\n\t\t\t\t\t\t\t<ul class=\"elementor-icon-list-items\">\n\t\t\t\t\t\t\t<li class=\"elementor-icon-list-item\">\n\t\t\t\t\t\t\t\t\t\t\t<span class=\"elementor-icon-list-icon\">\n\t\t\t\t\t\t\t<i aria-hidden=\"true\" class=\"fas fa-long-arrow-alt-right\"><\/i>\t\t\t\t\t\t<\/span>\n\t\t\t\t\t\t\t\t\t\t<span class=\"elementor-icon-list-text\">Per offrire esperienze di viaggio di alta qualit\u00e0 che siano personalizzate alle esigenze e preferenze uniche di ciascun cliente.<\/span>\n\t\t\t\t\t\t\t\t\t<\/li>\n\t\t\t\t\t\t\t\t<li class=\"elementor-icon-list-item\">\n\t\t\t\t\t\t\t\t\t\t\t<span class=\"elementor-icon-list-icon\">\n\t\t\t\t\t\t\t<i aria-hidden=\"true\" class=\"fas fa-long-arrow-alt-right\"><\/i>\t\t\t\t\t\t<\/span>\n\t\t\t\t\t\t\t\t\t\t<span class=\"elementor-icon-list-text\">mostrando il meglio delle tradizioni, dei cibi e dei luoghi turistici della zona mentre si assistono i visitatori nel creare connessioni con il loro ambiente.<\/span>\n\t\t\t\t\t\t\t\t\t<\/li>\n\t\t\t\t\t\t\t\t<li class=\"elementor-icon-list-item\">\n\t\t\t\t\t\t\t\t\t\t\t<span class=\"elementor-icon-list-icon\">\n\t\t\t\t\t\t\t<i aria-hidden=\"true\" class=\"fas fa-long-arrow-alt-right\"><\/i>\t\t\t\t\t\t<\/span>\n\t\t\t\t\t\t\t\t\t\t<span class=\"elementor-icon-list-text\">Fornire una variet\u00e0 di opzioni di viaggio, che vanno dal viaggio di lusso al viaggio d'avventura e tutto ci\u00f2 che sta in mezzo, per soddisfare una variet\u00e0 di livelli di spesa, interessi e preferenze di viaggio.<\/span>\n\t\t\t\t\t\t\t\t\t<\/li>\n\t\t\t\t\t\t\t\t<li class=\"elementor-icon-list-item\">\n\t\t\t\t\t\t\t\t\t\t\t<span class=\"elementor-icon-list-icon\">\n\t\t\t\t\t\t\t<i aria-hidden=\"true\" class=\"fas fa-long-arrow-alt-right\"><\/i>\t\t\t\t\t\t<\/span>\n\t\t\t\t\t\t\t\t\t\t<span class=\"elementor-icon-list-text\">Prioritizza la sostenibilit\u00e0 e le pratiche turistiche responsabili, e supporta le comunit\u00e0 locali e gli sforzi di conservazione.<\/span>\n\t\t\t\t\t\t\t\t\t<\/li>\n\t\t\t\t\t\t\t\t<li class=\"elementor-icon-list-item\">\n\t\t\t\t\t\t\t\t\t\t\t<span class=\"elementor-icon-list-icon\">\n\t\t\t\t\t\t\t<i aria-hidden=\"true\" class=\"fas fa-long-arrow-alt-right\"><\/i>\t\t\t\t\t\t<\/span>\n\t\t\t\t\t\t\t\t\t\t<span class=\"elementor-icon-list-text\">Assicurati che il tuo viaggio sar\u00e0 sicuro, confortevole e piacevole sotto tutti gli aspetti, comprese le tue sistemazioni, le attivit\u00e0 e le escursioni.<\/span>\n\t\t\t\t\t\t\t\t\t<\/li>\n\t\t\t\t\t\t\t\t<li class=\"elementor-icon-list-item\">\n\t\t\t\t\t\t\t\t\t\t\t<span class=\"elementor-icon-list-icon\">\n\t\t\t\t\t\t\t<i aria-hidden=\"true\" class=\"fas fa-long-arrow-alt-right\"><\/i>\t\t\t\t\t\t<\/span>\n\t\t\t\t\t\t\t\t\t\t<span class=\"elementor-icon-list-text\">Stabilire relazioni durature con i clienti basate sul rispetto reciproco, sulla fiducia e su un ottimo servizio clienti prima, durante e dopo il viaggio.<\/span>\n\t\t\t\t\t\t\t\t\t<\/li>\n\t\t\t\t\t\t<\/ul>\n\t\t\t\t\t\t<\/div>\n\t\t\t\t<\/div>\n\t\t\t\t\t<\/div>\n\t\t<\/div>\n\t\t\t\t\t<\/div>\n\t\t<\/section>\n\t\t\t\t<\/div>\n\t\t","protected":false},"excerpt":{"rendered":"<p>Chi siamo Top Marocco Tour Una compagnia di viaggi chiamata Top Marocco Tours \u00e8 specializzata nella pianificazione di viaggi unici e personalizzati in Marocco. Essi includono esperienze di viaggio private, di gruppo, nel deserto, avventurose, culturali e di lusso. Queste sono solo alcune delle molte offerte di pacchetti vacanza che l&#8217;agenzia propone. Top Marocco Tour \u00e8 rinomata per la sua attenzione ai dettagli e all&#8217;attenzione individualizzata. E per la sua dedizione nel garantire che i visitatori abbiano un&#8217;esperienza straordinaria in Marocco. Un gruppo di professionisti del settore turistico presso l&#8217;agenzia \u00e8 appassionato nel mostrare ai potenziali turisti provenienti da tutto il mondo il meglio del Marocco. Top Marocco Tours pu\u00f2 progettare un viaggio che si adatti alle tue preferenze. Pertanto, offre tutto ci\u00f2 che desideri vedere nelle vivaci citt\u00e0 di Marrakech e Casablanca. Inoltre, potrai fare un viaggio in cammello attraverso il deserto del Sahara, o scoprire la ricca storia culturale delle citt\u00e0 storiche del Marocco. L&#8217;agenzia collabora con una rete di partner e fornitori fidati in tutto il Marocco. Facciamo del nostro meglio per garantire che tutti gli aspetti del tuo viaggio, dal trasporto e alloggio alle escursioni e attivit\u00e0, siano della massima qualit\u00e0. Con Top Marocco Tours, puoi essere certo di un&#8217;esperienza di viaggio fluida e senza stress. Ti permetter\u00e0 di immergerti completamente nella bellezza e nella cultura di questo incantevole paese. LA NOSTRA MISSIONE Per offrire esperienze di viaggio di alta qualit\u00e0 che siano personalizzate alle esigenze e preferenze uniche di ciascun cliente. mostrando il meglio delle tradizioni, dei cibi e dei luoghi turistici della zona mentre si assistono i visitatori nel creare connessioni con il loro ambiente. Fornire una variet\u00e0 di opzioni di viaggio, che vanno dal viaggio di lusso al viaggio d&#8217;avventura e tutto ci\u00f2 che sta in mezzo, per soddisfare una variet\u00e0 di livelli di spesa, interessi e preferenze di viaggio. Prioritizza la sostenibilit\u00e0 e le pratiche turistiche responsabili, e supporta le comunit\u00e0 locali e gli sforzi di conservazione. Assicurati che il tuo viaggio sar\u00e0 sicuro, confortevole e piacevole sotto tutti gli aspetti, comprese le tue sistemazioni, le attivit\u00e0 e le escursioni. Stabilire relazioni durature con i clienti basate sul rispetto reciproco, sulla fiducia e su un ottimo servizio clienti prima, durante e dopo il viaggio.<\/p>\n","protected":false},"author":1,"featured_media":1405,"parent":0,"menu_order":0,"comment_status":"closed","ping_status":"closed","template":"elementor_canvas","meta":{"footnotes":""},"class_list":["post-140","page","type-page","status-publish","has-post-thumbnail","hentry"],"yoast_head":"<!-- This site is optimized with the Yoast SEO plugin v27.4 - https:\/\/yoast.com\/product\/yoast-seo-wordpress\/ -->\n<title>Top Marocco Tours - Agenzia di viaggi in Marocco<\/title>\n<meta name=\"description\" content=\"Top Marocco Tours si specializza nella pianificazione di viaggi in Marocco, inclusi viaggi privati, di gruppo, nel deserto, avventura.\" \/>\n<meta name=\"robots\" content=\"index, follow, max-snippet:-1, max-image-preview:large, max-video-preview:-1\" \/>\n<link rel=\"canonical\" href=\"https:\/\/topmoroccotour.com\/it\/top-morocco-tours\/\" \/>\n<meta property=\"og:locale\" content=\"it_IT\" \/>\n<meta property=\"og:type\" content=\"article\" \/>\n<meta property=\"og:title\" content=\"Top Marocco Tours - Agenzia di viaggi in Marocco\" \/>\n<meta property=\"og:description\" content=\"Top Marocco Tours si specializza nella pianificazione di viaggi in Marocco, inclusi viaggi privati, di gruppo, nel deserto, avventura.\" \/>\n<meta property=\"og:url\" content=\"https:\/\/topmoroccotour.com\/it\/top-morocco-tours\/\" \/>\n<meta property=\"og:site_name\" content=\"Tour del Marocco\" \/>\n<meta property=\"article:modified_time\" content=\"2024-05-30T09:30:04+00:00\" \/>\n<meta property=\"og:image\" content=\"https:\/\/topmoroccotour.com\/it\/wp-content\/uploads\/2023\/07\/resize-16792191242006981227brother.jpg\" \/>\n\t<meta property=\"og:image:width\" content=\"1200\" \/>\n\t<meta property=\"og:image:height\" content=\"630\" \/>\n\t<meta property=\"og:image:type\" content=\"image\/jpeg\" \/>\n<meta name=\"twitter:card\" content=\"summary_large_image\" \/>\n<meta name=\"twitter:label1\" content=\"Tempo di lettura stimato\" \/>\n\t<meta name=\"twitter:data1\" content=\"3 minuti\" \/>\n<script type=\"application\/ld+json\" class=\"yoast-schema-graph\">{\"@context\":\"https:\\\/\\\/schema.org\",\"@graph\":[{\"@type\":\"WebPage\",\"@id\":\"https:\\\/\\\/topmoroccotour.com\\\/it\\\/top-morocco-tours\\\/\",\"url\":\"https:\\\/\\\/topmoroccotour.com\\\/it\\\/top-morocco-tours\\\/\",\"name\":\"Top Marocco Tours - Agenzia di viaggi in Marocco\",\"isPartOf\":{\"@id\":\"https:\\\/\\\/topmoroccotour.com\\\/it\\\/#website\"},\"primaryImageOfPage\":{\"@id\":\"https:\\\/\\\/topmoroccotour.com\\\/it\\\/top-morocco-tours\\\/#primaryimage\"},\"image\":{\"@id\":\"https:\\\/\\\/topmoroccotour.com\\\/it\\\/top-morocco-tours\\\/#primaryimage\"},\"thumbnailUrl\":\"https:\\\/\\\/topmoroccotour.com\\\/it\\\/wp-content\\\/uploads\\\/2023\\\/07\\\/resize-16792191242006981227brother.jpg\",\"datePublished\":\"2021-12-23T12:14:58+00:00\",\"dateModified\":\"2024-05-30T09:30:04+00:00\",\"description\":\"Top Marocco Tours si specializza nella pianificazione di viaggi in Marocco, inclusi viaggi privati, di gruppo, nel deserto, avventura.\",\"breadcrumb\":{\"@id\":\"https:\\\/\\\/topmoroccotour.com\\\/it\\\/top-morocco-tours\\\/#breadcrumb\"},\"inLanguage\":\"it-IT\",\"potentialAction\":[{\"@type\":\"ReadAction\",\"target\":[\"https:\\\/\\\/topmoroccotour.com\\\/it\\\/top-morocco-tours\\\/\"]}]},{\"@type\":\"ImageObject\",\"inLanguage\":\"it-IT\",\"@id\":\"https:\\\/\\\/topmoroccotour.com\\\/it\\\/top-morocco-tours\\\/#primaryimage\",\"url\":\"https:\\\/\\\/topmoroccotour.com\\\/it\\\/wp-content\\\/uploads\\\/2023\\\/07\\\/resize-16792191242006981227brother.jpg\",\"contentUrl\":\"https:\\\/\\\/topmoroccotour.com\\\/it\\\/wp-content\\\/uploads\\\/2023\\\/07\\\/resize-16792191242006981227brother.jpg\",\"width\":1200,\"height\":630,\"caption\":\"Top Marocco Tours\"},{\"@type\":\"BreadcrumbList\",\"@id\":\"https:\\\/\\\/topmoroccotour.com\\\/it\\\/top-morocco-tours\\\/#breadcrumb\",\"itemListElement\":[{\"@type\":\"ListItem\",\"position\":1,\"name\":\"Home\",\"item\":\"https:\\\/\\\/topmoroccotour.com\\\/it\\\/\"},{\"@type\":\"ListItem\",\"position\":2,\"name\":\"Chi siamo\"}]},{\"@type\":\"WebSite\",\"@id\":\"https:\\\/\\\/topmoroccotour.com\\\/it\\\/#website\",\"url\":\"https:\\\/\\\/topmoroccotour.com\\\/it\\\/\",\"name\":\"Tour del Marocco\",\"description\":\"Tour del Marocco\",\"publisher\":{\"@id\":\"https:\\\/\\\/topmoroccotour.com\\\/it\\\/#organization\"},\"potentialAction\":[{\"@type\":\"SearchAction\",\"target\":{\"@type\":\"EntryPoint\",\"urlTemplate\":\"https:\\\/\\\/topmoroccotour.com\\\/it\\\/?s={search_term_string}\"},\"query-input\":{\"@type\":\"PropertyValueSpecification\",\"valueRequired\":true,\"valueName\":\"search_term_string\"}}],\"inLanguage\":\"it-IT\"},{\"@type\":\"Organization\",\"@id\":\"https:\\\/\\\/topmoroccotour.com\\\/it\\\/#organization\",\"name\":\"Top Morocco tour\",\"alternateName\":\"Top Morocco tour\",\"url\":\"https:\\\/\\\/topmoroccotour.com\\\/it\\\/\",\"logo\":{\"@type\":\"ImageObject\",\"inLanguage\":\"it-IT\",\"@id\":\"https:\\\/\\\/topmoroccotour.com\\\/it\\\/#\\\/schema\\\/logo\\\/image\\\/\",\"url\":\"https:\\\/\\\/topmoroccotour.com\\\/it\\\/wp-content\\\/uploads\\\/2021\\\/12\\\/TOP-MOROCCO-TOUR-3.png\",\"contentUrl\":\"https:\\\/\\\/topmoroccotour.com\\\/it\\\/wp-content\\\/uploads\\\/2021\\\/12\\\/TOP-MOROCCO-TOUR-3.png\",\"width\":217,\"height\":139,\"caption\":\"Top Morocco tour\"},\"image\":{\"@id\":\"https:\\\/\\\/topmoroccotour.com\\\/it\\\/#\\\/schema\\\/logo\\\/image\\\/\"}}]}<\/script>\n<!-- \/ Yoast SEO plugin. -->","yoast_head_json":{"title":"Top Marocco Tours - Agenzia di viaggi in Marocco","description":"Top Marocco Tours si specializza nella pianificazione di viaggi in Marocco, inclusi viaggi privati, di gruppo, nel deserto, avventura.","robots":{"index":"index","follow":"follow","max-snippet":"max-snippet:-1","max-image-preview":"max-image-preview:large","max-video-preview":"max-video-preview:-1"},"canonical":"https:\/\/topmoroccotour.com\/it\/top-morocco-tours\/","og_locale":"it_IT","og_type":"article","og_title":"Top Marocco Tours - Agenzia di viaggi in Marocco","og_description":"Top Marocco Tours si specializza nella pianificazione di viaggi in Marocco, inclusi viaggi privati, di gruppo, nel deserto, avventura.","og_url":"https:\/\/topmoroccotour.com\/it\/top-morocco-tours\/","og_site_name":"Tour del Marocco","article_modified_time":"2024-05-30T09:30:04+00:00","og_image":[{"width":1200,"height":630,"url":"https:\/\/topmoroccotour.com\/it\/wp-content\/uploads\/2023\/07\/resize-16792191242006981227brother.jpg","type":"image\/jpeg"}],"twitter_card":"summary_large_image","twitter_misc":{"Tempo di lettura stimato":"3 minuti"},"schema":{"@context":"https:\/\/schema.org","@graph":[{"@type":"WebPage","@id":"https:\/\/topmoroccotour.com\/it\/top-morocco-tours\/","url":"https:\/\/topmoroccotour.com\/it\/top-morocco-tours\/","name":"Top Marocco Tours - Agenzia di viaggi in Marocco","isPartOf":{"@id":"https:\/\/topmoroccotour.com\/it\/#website"},"primaryImageOfPage":{"@id":"https:\/\/topmoroccotour.com\/it\/top-morocco-tours\/#primaryimage"},"image":{"@id":"https:\/\/topmoroccotour.com\/it\/top-morocco-tours\/#primaryimage"},"thumbnailUrl":"https:\/\/topmoroccotour.com\/it\/wp-content\/uploads\/2023\/07\/resize-16792191242006981227brother.jpg","datePublished":"2021-12-23T12:14:58+00:00","dateModified":"2024-05-30T09:30:04+00:00","description":"Top Marocco Tours si specializza nella pianificazione di viaggi in Marocco, inclusi viaggi privati, di gruppo, nel deserto, avventura.","breadcrumb":{"@id":"https:\/\/topmoroccotour.com\/it\/top-morocco-tours\/#breadcrumb"},"inLanguage":"it-IT","potentialAction":[{"@type":"ReadAction","target":["https:\/\/topmoroccotour.com\/it\/top-morocco-tours\/"]}]},{"@type":"ImageObject","inLanguage":"it-IT","@id":"https:\/\/topmoroccotour.com\/it\/top-morocco-tours\/#primaryimage","url":"https:\/\/topmoroccotour.com\/it\/wp-content\/uploads\/2023\/07\/resize-16792191242006981227brother.jpg","contentUrl":"https:\/\/topmoroccotour.com\/it\/wp-content\/uploads\/2023\/07\/resize-16792191242006981227brother.jpg","width":1200,"height":630,"caption":"Top Marocco Tours"},{"@type":"BreadcrumbList","@id":"https:\/\/topmoroccotour.com\/it\/top-morocco-tours\/#breadcrumb","itemListElement":[{"@type":"ListItem","position":1,"name":"Home","item":"https:\/\/topmoroccotour.com\/it\/"},{"@type":"ListItem","position":2,"name":"Chi siamo"}]},{"@type":"WebSite","@id":"https:\/\/topmoroccotour.com\/it\/#website","url":"https:\/\/topmoroccotour.com\/it\/","name":"Tour del Marocco","description":"Tour del Marocco","publisher":{"@id":"https:\/\/topmoroccotour.com\/it\/#organization"},"potentialAction":[{"@type":"SearchAction","target":{"@type":"EntryPoint","urlTemplate":"https:\/\/topmoroccotour.com\/it\/?s={search_term_string}"},"query-input":{"@type":"PropertyValueSpecification","valueRequired":true,"valueName":"search_term_string"}}],"inLanguage":"it-IT"},{"@type":"Organization","@id":"https:\/\/topmoroccotour.com\/it\/#organization","name":"Top Morocco tour","alternateName":"Top Morocco tour","url":"https:\/\/topmoroccotour.com\/it\/","logo":{"@type":"ImageObject","inLanguage":"it-IT","@id":"https:\/\/topmoroccotour.com\/it\/#\/schema\/logo\/image\/","url":"https:\/\/topmoroccotour.com\/it\/wp-content\/uploads\/2021\/12\/TOP-MOROCCO-TOUR-3.png","contentUrl":"https:\/\/topmoroccotour.com\/it\/wp-content\/uploads\/2021\/12\/TOP-MOROCCO-TOUR-3.png","width":217,"height":139,"caption":"Top Morocco tour"},"image":{"@id":"https:\/\/topmoroccotour.com\/it\/#\/schema\/logo\/image\/"}}]}},"_links":{"self":[{"href":"https:\/\/topmoroccotour.com\/it\/wp-json\/wp\/v2\/pages\/140","targetHints":{"allow":["GET"]}}],"collection":[{"href":"https:\/\/topmoroccotour.com\/it\/wp-json\/wp\/v2\/pages"}],"about":[{"href":"https:\/\/topmoroccotour.com\/it\/wp-json\/wp\/v2\/types\/page"}],"author":[{"embeddable":true,"href":"https:\/\/topmoroccotour.com\/it\/wp-json\/wp\/v2\/users\/1"}],"replies":[{"embeddable":true,"href":"https:\/\/topmoroccotour.com\/it\/wp-json\/wp\/v2\/comments?post=140"}],"version-history":[{"count":13,"href":"https:\/\/topmoroccotour.com\/it\/wp-json\/wp\/v2\/pages\/140\/revisions"}],"predecessor-version":[{"id":5583,"href":"https:\/\/topmoroccotour.com\/it\/wp-json\/wp\/v2\/pages\/140\/revisions\/5583"}],"wp:featuredmedia":[{"embeddable":true,"href":"https:\/\/topmoroccotour.com\/it\/wp-json\/wp\/v2\/media\/1405"}],"wp:attachment":[{"href":"https:\/\/topmoroccotour.com\/it\/wp-json\/wp\/v2\/media?parent=140"}],"curies":[{"name":"wp","href":"https:\/\/api.w.org\/{rel}","templated":true}]}}